{"id":9,"date":"2025-06-16T14:32:25","date_gmt":"2025-06-16T17:32:25","guid":{"rendered":"https:\/\/lastorresmtbrural.com.ar\/duatlon\/?page_id=9"},"modified":"2025-06-16T15:23:45","modified_gmt":"2025-06-16T18:23:45","slug":"reglamento","status":"publish","type":"page","link":"https:\/\/lastorresmtbrural.com.ar\/duatlon\/reglamento\/","title":{"rendered":"Reglamento"},"content":{"rendered":"\t\t<div data-elementor-type=\"wp-page\" data-elementor-id=\"9\" class=\"elementor elementor-9\" data-elementor-post-type=\"page\">\n\t\t\t\t<div class=\"elementor-element elementor-element-c329b1a e-flex e-con-boxed e-con e-parent\" data-id=\"c329b1a\" data-element_type=\"container\" data-e-type=\"container\">\n\t\t\t\t\t<div class=\"e-con-inner\">\n\t\t\t\t<div class=\"elementor-element elementor-element-64ff8b1 elementor-widget elementor-widget-heading\" data-id=\"64ff8b1\" data-element_type=\"widget\" data-e-type=\"widget\" data-widget_type=\"heading.default\">\n\t\t\t\t<div class=\"elementor-widget-container\">\n\t\t\t\t\t<h2 class=\"elementor-heading-title elementor-size-default\">REGLAMENTO DUATL\u00d3N LAS TORRES<\/h2>\t\t\t\t<\/div>\n\t\t\t\t<\/div>\n\t\t\t\t<div class=\"elementor-element elementor-element-da317a3 elementor-widget elementor-widget-text-editor\" data-id=\"da317a3\" data-element_type=\"widget\" data-e-type=\"widget\" data-widget_type=\"text-editor.default\">\n\t\t\t\t<div class=\"elementor-widget-container\">\n\t\t\t\t\t\t\t\t\t<p><strong>LARGADA:<\/strong><br \/># La largada ser\u00e1 de todos los participantes juntos, esto esta sujeto a la cantidad, si la organizaci\u00f3n decide separar por categor\u00edas o distancias o modalidad la largada ser\u00e1 comunicado los d\u00edas previos al evento .Todos deber\u00e1n tener su n\u00famero dorsal bien visible.<\/p>\t\t\t\t\t\t\t\t<\/div>\n\t\t\t\t<\/div>\n\t\t\t\t<div class=\"elementor-element elementor-element-5f06588 elementor-widget elementor-widget-text-editor\" data-id=\"5f06588\" data-element_type=\"widget\" data-e-type=\"widget\" data-widget_type=\"text-editor.default\">\n\t\t\t\t<div class=\"elementor-widget-container\">\n\t\t\t\t\t\t\t\t\t<p><strong>PEDESTRISMO:<\/strong><br \/># Por una cuesti\u00f3n t\u00e9cnica de clasificaci\u00f3n es obligatorio el uso del n\u00famero provisto por la organizaci\u00f3n, debiendo estar siempre exhibido en la parte delantera descubierto, perfectamente visible. El atleta que as\u00ed no lo hiciera, ser\u00e1 advertido y en caso de reincidencia, ser\u00e1 penalizado con 2 minutos de penalizaci\u00f3n. En caso de perder el n\u00famero, el atleta ser\u00e1 penalizado con 2 minutos.<\/p>\t\t\t\t\t\t\t\t<\/div>\n\t\t\t\t<\/div>\n\t\t\t\t<div class=\"elementor-element elementor-element-c7346cd elementor-widget elementor-widget-text-editor\" data-id=\"c7346cd\" data-element_type=\"widget\" data-e-type=\"widget\" data-widget_type=\"text-editor.default\">\n\t\t\t\t<div class=\"elementor-widget-container\">\n\t\t\t\t\t\t\t\t\t<p><strong>SOBREPASO:<\/strong><br \/># El atleta m\u00e1s lento est\u00e1 obligado a ceder el paso al atleta m\u00e1s r\u00e1pido al ser solicitado por el mismo. Durante la corrida, si dos atletas est\u00e1n disputando la posici\u00f3n, el atleta principal no tiene la obligaci\u00f3n de despejar el camino. Sin embargo, el atleta no puede interferir completamente o impedir el avance de otro atleta.<\/p>\t\t\t\t\t\t\t\t<\/div>\n\t\t\t\t<\/div>\n\t\t\t\t<div class=\"elementor-element elementor-element-bea047a elementor-widget elementor-widget-text-editor\" data-id=\"bea047a\" data-element_type=\"widget\" data-e-type=\"widget\" data-widget_type=\"text-editor.default\">\n\t\t\t\t<div class=\"elementor-widget-container\">\n\t\t\t\t\t\t\t\t\t<p><strong>CICLISMO:<\/strong><br \/># El atleta deber\u00e1 terminar la carrera con la misma bicicleta con la que empez\u00f3 la misma. Los atletas no deben realizar ning\u00fan avance sin su bicicleta Si esta queda inoperativa, el atleta puede continuar con la etapa de ciclismo corriendo o caminando mientras empuja o transporta la bicicleta, siempre que dicha acci\u00f3n no obstruya o impida el progreso de otros atletas. En caso de ruptura de la bicicleta, el atleta es el responsable de acercarla al \u00e1rea de transici\u00f3n.<\/p><p># Est\u00e1 terminantemente prohibido el uso de auriculares durante la carrera Es obligatorio el uso de casco r\u00edgido, correctamente abrochado, desde antes de tomar la bicicleta hasta despu\u00e9s de dejarla en la zona de transici\u00f3n. Esto incluye, por tanto, todo el segmento de ciclismo y los recorridos por las \u00e1reas de transici\u00f3n en posesi\u00f3n de la bicicleta. La penalizaci\u00f3n por violar esta norma es la advertencia, salvo en los recorridos por las \u00e1reas de transici\u00f3n en posesi\u00f3n de la bicicleta en que se penalizar\u00e1 con la advertencia y si no rectifica, la descalificaci\u00f3n. Los cascos deben cumplir las siguientes especificaciones: Carcasa r\u00edgida, de una sola pieza y superficie deslizante. O Cierre de seguridad. O Las correas no pueden ser el\u00e1sticas, y deben ir unidas a la carcasa en, al menos, tres puntos.<\/p><p># Es obligatorio el uso del n\u00famero en la bicicleta provisto por la organizaci\u00f3n. Cualquier alteraci\u00f3n o mutilaci\u00f3n en el mismo ser\u00e1 penalizada con la desclasificaci\u00f3n. ES REPONSABILIDAD DEL ATLETA el conteo de las vueltas del circuito delimitado por la organizaci\u00f3n. En caso de comprobarse que no se ha completado el circuito, el atleta quedara autom\u00e1ticamente descalificado.<\/p>\t\t\t\t\t\t\t\t<\/div>\n\t\t\t\t<\/div>\n\t\t\t\t<div class=\"elementor-element elementor-element-58b40c8 elementor-widget elementor-widget-text-editor\" data-id=\"58b40c8\" data-element_type=\"widget\" data-e-type=\"widget\" data-widget_type=\"text-editor.default\">\n\t\t\t\t<div class=\"elementor-widget-container\">\n\t\t\t\t\t\t\t\t\t<p><strong>AREAS DE TRANSICION Y CONTROL DEL MATERIAL:<\/strong><br \/># Solo los jueces, el personal responsable de la organizaci\u00f3n, los t\u00e9cnicos y\/o asistentes de los participantes hasta el comienzo de la competici\u00f3n, y los participantes que hayan acreditado su condici\u00f3n de tales podr\u00e1n estar en estas \u00e1reas. Los t\u00e9cnicos y\/o asistentes no obstante, no podr\u00e1n estar en las \u00e1reas durante el tiempo que dure la competici\u00f3n.<\/p><p># Todos los participantes deber\u00e1n pasar el control de material antes de la competici\u00f3n. Este control ser\u00e1 realizado por los jueces a la entrada del \u00e1rea de transici\u00f3n. Esto incluye: Las condiciones reglamentarias y de seguridad del material de ciclismo, especialmente bicicleta y casco. Cada participante podr\u00e1 usar exclusivamente el espacio marcado con su n\u00famero de dorsal, as\u00ed como los pasillos de acceso y salida del mismo. Est\u00e1 prohibido circular en bicicleta por las \u00e1reas de transici\u00f3n. El recorrido de ciclismo deber\u00e1 ser cubierto con la bicicleta, hasta dejarla en el parque cerrado al finalizar el tramo.<\/p>\t\t\t\t\t\t\t\t<\/div>\n\t\t\t\t<\/div>\n\t\t\t\t<div class=\"elementor-element elementor-element-a25c77d elementor-widget elementor-widget-text-editor\" data-id=\"a25c77d\" data-element_type=\"widget\" data-e-type=\"widget\" data-widget_type=\"text-editor.default\">\n\t\t\t\t<div class=\"elementor-widget-container\">\n\t\t\t\t\t\t\t\t\t<p><strong>LLEGADA:<\/strong><br \/># El atleta ingresar\u00e1 a la manga de llegada donde cruzara el arco de llegada y clasificara (alfombra con sistema de chip)<\/p><p># Todo atleta inscripto en la competencia estar\u00e1 asegurado por \u201cSEGURO\u201c desde que se larga la carrera hasta el final de su participaci\u00f3n en la prueba. La Organizaci\u00f3n no se responsabiliza de cualquier problema que ocurra con el mismo, antes o despu\u00e9s de la prueba. El servicio m\u00e9dico de la prueba, podr\u00e1 retirar de la misma al atleta que, a criterio del m\u00e9dico, no se encuentre en condiciones para continuar en la misma.<\/p>\t\t\t\t\t\t\t\t<\/div>\n\t\t\t\t<\/div>\n\t\t\t\t<div class=\"elementor-element elementor-element-cfb9e8f elementor-widget elementor-widget-text-editor\" data-id=\"cfb9e8f\" data-element_type=\"widget\" data-e-type=\"widget\" data-widget_type=\"text-editor.default\">\n\t\t\t\t<div class=\"elementor-widget-container\">\n\t\t\t\t\t\t\t\t\t<p><strong>AYUDA:<\/strong><br \/># No est\u00e1 permitido el uso de apoyo externo en cualquier forma. Los competidores podr\u00e1n ayudarse entre s\u00ed, limit\u00e1ndose al pr\u00e9stamo de c\u00e1maras de aire, herramientas, agua, comida y primeros auxilios. No est\u00e1 permitido el cambio de bicicletas. \u00b7 CONDUCTA: el comportamiento inadecuado o el uso de idioma abusivo, en todas sus formas, ser\u00e1 tomado como conducta antideportiva y penalizado hasta con la desclasificaci\u00f3n del atleta.<\/p>\t\t\t\t\t\t\t\t<\/div>\n\t\t\t\t<\/div>\n\t\t\t\t<div class=\"elementor-element elementor-element-20ecdd7 elementor-widget elementor-widget-text-editor\" data-id=\"20ecdd7\" data-element_type=\"widget\" data-e-type=\"widget\" data-widget_type=\"text-editor.default\">\n\t\t\t\t<div class=\"elementor-widget-container\">\n\t\t\t\t\t\t\t\t\t<p><strong>PROTESTA:<\/strong><br \/># Las protestas de cualquier naturaleza deben ser realizadas dentro de la Media hora del tiempo final de la persona que realiza la queja. La misma debe ser entregada por escrito y firmada.<\/p>\t\t\t\t\t\t\t\t<\/div>\n\t\t\t\t<\/div>\n\t\t\t\t<div class=\"elementor-element elementor-element-7cc90ce elementor-widget elementor-widget-text-editor\" data-id=\"7cc90ce\" data-element_type=\"widget\" data-e-type=\"widget\" data-widget_type=\"text-editor.default\">\n\t\t\t\t<div class=\"elementor-widget-container\">\n\t\t\t\t\t\t\t\t\t<p><strong>DISTANCIAS<\/strong><\/p><ul><li><strong>PEDRESTRE<\/strong> 2 vueltas al circuito 6km total<\/li><li><strong>CICLISMO<\/strong> 3 vueltas al circuito total 28km<\/li><li><strong>PEDRESTRE<\/strong> 1 vuelta final de 3km<\/li><\/ul>\t\t\t\t\t\t\t\t<\/div>\n\t\t\t\t<\/div>\n\t\t\t\t\t<\/div>\n\t\t\t\t<\/div>\n\t\t\t\t<\/div>\n\t\t","protected":false},"excerpt":{"rendered":"<p>REGLAMENTO DUATL\u00d3N LAS TORRES LARGADA:# La largada ser\u00e1 de todos los participantes juntos, esto esta sujeto a la cantidad, si la organizaci\u00f3n decide separar por categor\u00edas o distancias o modalidad la largada ser\u00e1 comunicado los d\u00edas previos al evento .Todos deber\u00e1n tener su n\u00famero dorsal bien visible. PEDESTRISMO:# Por una cuesti\u00f3n t\u00e9cnica de clasificaci\u00f3n es &#8230; <a title=\"Reglamento\" class=\"read-more\" href=\"https:\/\/lastorresmtbrural.com.ar\/duatlon\/reglamento\/\" aria-label=\"Leer m\u00e1s sobre Reglamento\">Leer m\u00e1s<\/a><\/p>\n","protected":false},"author":1,"featured_media":0,"parent":0,"menu_order":0,"comment_status":"closed","ping_status":"closed","template":"","meta":{"footnotes":""},"class_list":["post-9","page","type-page","status-publish"],"_links":{"self":[{"href":"https:\/\/lastorresmtbrural.com.ar\/duatlon\/wp-json\/wp\/v2\/pages\/9","targetHints":{"allow":["GET"]}}],"collection":[{"href":"https:\/\/lastorresmtbrural.com.ar\/duatlon\/wp-json\/wp\/v2\/pages"}],"about":[{"href":"https:\/\/lastorresmtbrural.com.ar\/duatlon\/wp-json\/wp\/v2\/types\/page"}],"author":[{"embeddable":true,"href":"https:\/\/lastorresmtbrural.com.ar\/duatlon\/wp-json\/wp\/v2\/users\/1"}],"replies":[{"embeddable":true,"href":"https:\/\/lastorresmtbrural.com.ar\/duatlon\/wp-json\/wp\/v2\/comments?post=9"}],"version-history":[{"count":3,"href":"https:\/\/lastorresmtbrural.com.ar\/duatlon\/wp-json\/wp\/v2\/pages\/9\/revisions"}],"predecessor-version":[{"id":43,"href":"https:\/\/lastorresmtbrural.com.ar\/duatlon\/wp-json\/wp\/v2\/pages\/9\/revisions\/43"}],"wp:attachment":[{"href":"https:\/\/lastorresmtbrural.com.ar\/duatlon\/wp-json\/wp\/v2\/media?parent=9"}],"curies":[{"name":"wp","href":"https:\/\/api.w.org\/{rel}","templated":true}]}}